{"id":3993,"date":"2025-02-10T08:38:25","date_gmt":"2025-02-10T08:38:25","guid":{"rendered":"https:\/\/demo.casethemes.net\/aramco\/?page_id=3993"},"modified":"2026-04-03T19:17:10","modified_gmt":"2026-04-03T19:17:10","slug":"o-nama","status":"publish","type":"page","link":"https:\/\/fiziobrboric.rs\/novo\/o-nama\/","title":{"rendered":"O nama"},"content":{"rendered":"\t\t<div data-elementor-type=\"wp-page\" data-elementor-id=\"3993\" class=\"elementor elementor-3993\">\n\t\t\t\t        <section class=\"elementor-section elementor-top-section elementor-element elementor-element-f802bd0 elementor-section-stretched elementor-section-boxed elementor-section-height-default elementor-section-height-default pxl-row-scroll-none pxl-zoom-point-false pxl-section-overflow-visible pxl-section-fix-none pxl-bg-color-none pxl-section-overlay-none\" data-id=\"f802bd0\" data-element_type=\"section\" data-e-type=\"section\" data-settings=\"{&quot;stretch_section&quot;:&quot;section-stretched&quot;}\">\n\n                \n                <div class=\"elementor-container elementor-column-gap-extended \">\n                <div class=\"elementor-column elementor-col-100 elementor-top-column elementor-element elementor-element-061df92 pxl-column-none pxl-column-overflow-hidden-no\" data-id=\"061df92\" data-element_type=\"column\" data-e-type=\"column\">\r\n        <div class=\"elementor-widget-wrap elementor-element-populated\">\r\n                     \r\n        \t\t<div class=\"elementor-element elementor-element-40040ed elementor-widget elementor-widget-pxl_heading\" data-id=\"40040ed\" data-element_type=\"widget\" data-e-type=\"widget\" data-widget_type=\"pxl_heading.default\">\n\t\t\t\t<div class=\"elementor-widget-container\">\n\t\t\t\t\t\n<div id=\"pxl-pxl_heading-40040ed-6290\" class=\"pxl-heading px-sub-title-default-style \">\n\t<div class=\"pxl-heading--inner\">\n\t\t\n\t\t<h1 class=\"pxl-item--title style-default highlight-default \" data-wow-delay=\"ms\">\n\n\t\t\t<span class=\"pxl-heading--text\">\n\n\t\t\t\t\t\t\t\t\tUpoznajte na\u0161u sjajnu<mark> terapeutkinju <\/mark> koja sa pa\u017enjom brine o svakom pacijentu.\t\n\t\t\t\t\t\n\n\t\t\t<\/span>\n\t\t<\/h1>\n\t\t\n\t<\/div>\n<\/div>\t\t\t\t<\/div>\n\t\t\t\t<\/div>\n\t\t\t\t<div class=\"elementor-element elementor-element-1bcf9a0 elementor-widget elementor-widget-pxl_heading\" data-id=\"1bcf9a0\" data-element_type=\"widget\" data-e-type=\"widget\" data-widget_type=\"pxl_heading.default\">\n\t\t\t\t<div class=\"elementor-widget-container\">\n\t\t\t\t\t\n<div id=\"pxl-pxl_heading-1bcf9a0-5074\" class=\"pxl-heading px-sub-title-default-style \">\n\t<div class=\"pxl-heading--inner\">\n\t\t\t\t\t<div class=\"pxl-item--subtitle px-sub-title-default \" data-wow-delay=\"ms\">\n\t\t\t\t<span class=\"pxl-item--subtext\">\n\t\t\t\t\t\t\t\t\t\t\t\t\t\t\t\t\t\t\t\t<span class=\" \">NA\u0160 TIM<\/span>\n\t\t\t\t<\/span>\n\t\t\t<\/div>\n\t\t\n\t\t<h1 class=\"pxl-item--title style-default highlight-default \" data-wow-delay=\"ms\">\n\n\t\t\t<span class=\"pxl-heading--text\">\n\n\t\t\t\t\t\t\t\t\tDragana Brbori\u0107\t\n\t\t\t\t\t\n\n\t\t\t<\/span>\n\t\t<\/h1>\n\t\t\n\t<\/div>\n<\/div>\t\t\t\t<\/div>\n\t\t\t\t<\/div>\n\t\t            <\/div>\r\n        <\/div>\r\n        \t\t\t<\/div>\n\t\t<\/section>\n\t\t<div class=\"elementor-element elementor-element-0fcf550 e-flex e-con-boxed e-con e-parent \" data-id=\"0fcf550\" data-element_type=\"container\" data-e-type=\"container\">\t\t\t<div class=\"e-con-inner\">\r\n\t\t\t\t<div class=\"elementor-element elementor-element-180cd21 elementor-widget elementor-widget-text-editor\" data-id=\"180cd21\" data-element_type=\"widget\" data-e-type=\"widget\" data-widget_type=\"text-editor.default\">\n\t\t\t\t\t\t\t\t\t<p class=\"p1\">Moje ime je Dragana Brbori\u0107 i ja sam vi\u0161i fizioterapeut sa oko 30 godina iskustva u radu sa klijentima svih \u017eivotnih dobi. Kroz godine rada nau\u010dila sam da je svaki \u010dovek pri\u010da za sebe \u2014 zato svakom pristupam individualno, sa pa\u017enjom, razumevanjem i iskrenom \u017eeljom da pomognem.<\/p><p class=\"p1\">Svoje obrazovanje zapo\u010dela sam u srednjoj medicinskoj \u0161koli, a nastavila na visokoj strukovnoj \u0161koli za fizioterapiju u Beogradu. Profesionalno iskustvo gradila sam u klinici za ortopedsku hirurgiju i u Domu zdravlja Novi Sad, gde sam stekla sigurnost i znanje koje danas primenjujem u svakom tretmanu.<\/p><p class=\"p1\">U svom radu primenjujem kineziterapiju i savremene pristupe nezi tela, sa fokusom na pravilno dr\u017eanje, pokret, rastere\u0107enje i balans tela. Posebnu pa\u017enju posve\u0107ujem radu sa ki\u010dmom, smanjenju napetosti i nelagodnosti u telu, kao i pobolj\u0161anju op\u0161te funkcionalnosti i ose\u0107aja lako\u0107e u pokretu.<\/p><p class=\"p1\">Pored toga, zna\u010dajan deo mog rada obuhvata razli\u010dite vrste masa\u017ea \u2014 relaks, terapijske i anticelulit tretmane, kao i programe oblikovanja tela. Kroz kombinaciju tehnika poput manuelne masa\u017ee, presoterapije, kavitacije i savremenih aparata, pristupam svakom klijentu u skladu sa njegovim ciljevima \u2014 bilo da je u pitanju opu\u0161tanje, smanjenje celulita ili unapre\u0111enje izgleda i tonusa ko\u017ee.<\/p><p class=\"p1\">Klijenti mi se naj\u010de\u0161\u0107e obra\u0107aju zbog bolova u le\u0111ima i vratu, uko\u010denosti, lo\u0161eg dr\u017eanja, kao i potrebe za opu\u0161tanjem, regeneracijom i estetskim unapre\u0111enjem tela nakon svakodnevnog optere\u0107enja. Moj cilj je da kroz rad ne delujem samo trenutno, ve\u0107 da pomognem telu da uspostavi dugoro\u010dni balans i ose\u0107aj lako\u0107e.<\/p>\t\t\t\t\t\t\t\t<\/div>\n\t\t\t\t\t<\/div>\r\n\t\t\t\t<\/div>\r\n\t\t\t\t<\/div>\n\t\t","protected":false},"excerpt":{"rendered":"<p>Upoznajte na\u0161u sjajnu terapeutkinju koja sa pa\u017enjom brine o svakom pacijentu. NA\u0160 TIM Dragana Brbori\u0107 Moje ime je Dragana Brbori\u0107 i ja sam vi\u0161i fizioterapeut sa oko 30 godina iskustva u radu sa klijentima svih \u017eivotnih dobi. Kroz godine rada nau\u010dila sam da je svaki \u010dovek pri\u010da za sebe \u2014 zato svakom pristupam individualno, sa [&hellip;]<\/p>\n","protected":false},"author":1,"featured_media":0,"parent":0,"menu_order":0,"comment_status":"closed","ping_status":"closed","template":"","meta":{"footnotes":""},"class_list":["post-3993","page","type-page","status-publish","hentry"],"_links":{"self":[{"href":"https:\/\/fiziobrboric.rs\/novo\/wp-json\/wp\/v2\/pages\/3993","targetHints":{"allow":["GET"]}}],"collection":[{"href":"https:\/\/fiziobrboric.rs\/novo\/wp-json\/wp\/v2\/pages"}],"about":[{"href":"https:\/\/fiziobrboric.rs\/novo\/wp-json\/wp\/v2\/types\/page"}],"author":[{"embeddable":true,"href":"https:\/\/fiziobrboric.rs\/novo\/wp-json\/wp\/v2\/users\/1"}],"replies":[{"embeddable":true,"href":"https:\/\/fiziobrboric.rs\/novo\/wp-json\/wp\/v2\/comments?post=3993"}],"version-history":[{"count":4,"href":"https:\/\/fiziobrboric.rs\/novo\/wp-json\/wp\/v2\/pages\/3993\/revisions"}],"predecessor-version":[{"id":5363,"href":"https:\/\/fiziobrboric.rs\/novo\/wp-json\/wp\/v2\/pages\/3993\/revisions\/5363"}],"wp:attachment":[{"href":"https:\/\/fiziobrboric.rs\/novo\/wp-json\/wp\/v2\/media?parent=3993"}],"curies":[{"name":"wp","href":"https:\/\/api.w.org\/{rel}","templated":true}]}}